{"id":53,"date":"2013-08-26T19:24:08","date_gmt":"2013-08-26T19:24:08","guid":{"rendered":"http:\/\/www.fontaneroygas.es\/averias\/?page_id=53"},"modified":"2025-02-10T09:04:58","modified_gmt":"2025-02-10T09:04:58","slug":"reparaciones-calderas-gas-gasoil","status":"publish","type":"page","link":"https:\/\/www.fontaneroygas.es\/averias\/reparaciones-calderas-gas-gasoil\/","title":{"rendered":"REPARACION DE CALDERAS DE GAS Y GASOIL"},"content":{"rendered":"<p style=\"text-align: center;\">\u00a0 \u00a0 \u00a0 <span style=\"color: #339966;\"><strong><em>\u00a0 REPARACION DE CALDERAS DE GAS Y GASOIL\u00a0 \u00a0 \u00a0 \u00a0 \u00a0 \u00a0 \u00a0 \u00a0 \u00a0 \u00a0 \u00a0 \u00a0 \u00a0 \u00a0 \u00a0 \u00a0 \u00a0 \u00a0 \u00a0 \u00a0 \u00a0 \u00a0 \u00a0 \u00a0 \u00a0 \u00a0 \u00a0 \u00a0 \u00a0 \u00a0 \u00a0 \u00a0 \u00a0 \u00a0 \u00a0 \u00a0 \u00a0<\/em><\/strong><\/span><\/p>\n<p><strong><em>\u00a0 \u00a0 \u00a0 \u00a0 \u00a0 \u00a0 \u00a0 \u00a0 \u00a0 \u00a0 \u00a0 \u00a0 \u00a0 \u00a0 \u00a0 \u00a0 \u00a0 \u00a0 \u00a0 \u00a0 \u00a0 \u00a0 \u00a0 \u00a0<span style=\"color: #0000ff;\"> \u00a0 \u00a0TEL: 616 39 28 39<\/span><\/em><\/strong><\/p>\n<ul style=\"text-align: left;\">\n<li><span style=\"color: #339966;\"><em><strong>Reparaci\u00f3n de calderas, urgente y no urgente en fugas de gas tanto particulares como en comunidades de propietarios. Elaboraci\u00f3n de toda la tramitaci\u00f3n necesaria para reanudaci\u00f3n de suministro. Instalador autorizado.<\/strong><\/em><\/span><\/li>\n<li><span style=\"color: #339966;\"><em><strong>REPARACIONES CALDERAS GAS URGENCIAS:<\/strong><\/em><\/span><\/li>\n<li><span style=\"color: #339966;\"><em><strong>Reparamos todo tipo de calderas, termos, bombas de calor y calentadores.<\/strong><\/em><\/span><\/li>\n<li><span style=\"color: #339966;\"><em><strong>Especialistas en todo tipo de calderas: Gas &#8211; Gasoil &#8211; El\u00e9ctricas &#8211; Mixtas. Especialistas en todo tipo de calefacci\u00f3n de gas, gas\u00f3leo, el\u00e9ctrica, \u00a0central. Instaladores autorizados. Revisamos tu instalaci\u00f3n de calefacci\u00f3n. Todas las marcas de calderas y calefactores. Reparaci\u00f3n y mantenimiento de calderas. Encarga nos el mantenimiento de tu calefacci\u00f3n, no te la juegues. Atendemos todo tipo de aver\u00edas<\/strong><\/em><\/span><\/li>\n<li><span style=\"color: #339966;\"><strong><em>Nuestros t\u00e9cnicos se desplazan a todas las localidades de Madrid Provincia y est\u00e1n adiestrados para reparar, instalar y revisar\u00a0<span class=\"txt_resaltado\">calderas de cualquier marca y tecnolog\u00eda<\/span>. Trabajamos las principales marcas de calderas.<\/em><\/strong><\/span><\/li>\n<\/ul>\n<h1 class=\"page-title\"><strong><em>Aver\u00edas comunes en tu caldera de gas y su soluci\u00f3n\u00a0\u00a0<\/em><\/strong><\/h1>\n<p><strong><em>En primer lugar la caldera de gas se ha convertido en un elemento indispensable en aquellos hogares que el agua caliente y la calefacci\u00f3n dependen de ella. Porque mantener la caldera y circuito de la calefacci\u00f3n en perfectas condiciones es indispensable la revisi\u00f3n anual del sistema. Por lo tanto la empresa suministradora de gas natural o un servicio t\u00e9cnico independiente ofrecen este servicio. Sin embargo, aun habiendo pasado la revisi\u00f3n, las calderas pueden tener problemas. Repasamos las aver\u00edas comunes de la caldera de gas y su soluci\u00f3n.<\/em><\/strong><\/p>\n<h3><strong><em>En la mayor\u00eda de incidencias, la caldera te avisar\u00e1 a trav\u00e9s de su pantalla delantera. Generalmente se iluminar\u00e1 la se\u00f1al roja o el c\u00f3digo de error y consultando el manual de instrucciones del fabricantes podr\u00e1s saber qu\u00e9 tipo de aver\u00eda presenta y si no puede solucionar el problema no dude en llamarnos :\u00a0<\/em><\/strong><\/h3>\n<h3><strong> <span style=\"color: #339966;\"><em>REPARACION DE CALDERAS DE GAS Y GASOIL : Telf. 616 39 28 39<\/em><\/span><\/strong><\/h3>\n<p><strong><em><span style=\"text-decoration: underline;\">\u00a0 \u00a0<span style=\"color: #3366ff; text-decoration: underline;\">FONTANEROS :<\/span><\/span><\/em><\/strong><\/p>\n<p style=\"text-align: left;\"><em><span style=\"color: #3366ff;\"><strong style=\"color: #3366ff;\">Realizamos reparaciones de fontaner\u00eda para cocinas, ba\u00f1os, sistemas de duchas. Reparamos fugas de agua<\/strong>,\u00a0<strong style=\"color: #3366ff;\">desatascar tuber\u00edas<\/strong>,\u00a0<strong style=\"color: #3366ff;\">desatrancos<\/strong>,\u00a0<strong style=\"color: #3366ff;\">mantenimiento de <\/strong><b>fontaner\u00eda<\/b>, reparaciones<strong style=\"color: #3366ff;\">\u00a0de grifer\u00eda<\/strong>,\u00a0<strong style=\"color: #3366ff;\">inodoros<\/strong>,\u00a0<strong style=\"color: #3366ff;\">grifos<\/strong>,\u00a0<strong style=\"color: #3366ff;\">cisternas.<\/strong><\/span><\/em><\/p>\n\n\n<figure class=\"wp-container-2 wp-block-gallery-1 wp-block-gallery has-nested-images columns-default is-cropped\">\n<figure class=\"wp-block-image\"><img loading=\"lazy\" width=\"768\" height=\"1024\" data-id=\"1169\"  src=\"https:\/\/www.fontaneroygas.es\/averias\/wp-content\/uploads\/2020\/03\/Themanox-F25e-9.jpg\" alt=\"\" class=\"wp-image-1169\" srcset=\"https:\/\/www.fontaneroygas.es\/averias\/wp-content\/uploads\/2020\/03\/Themanox-F25e-9.jpg 768w, https:\/\/www.fontaneroygas.es\/averias\/wp-content\/uploads\/2020\/03\/Themanox-F25e-9-225x300.jpg 225w\" sizes=\"(max-width: 768px) 100vw, 768px\" \/><figcaption><a href=\"https:\/\/www.fontaneroygas.es\/averias\/reparacion-de-calderas-tlf-616-39-28-39-tlf-688-276-178\/\">https:\/\/www.fontaneroygas.es\/averias\/reparacion-de-calderas-tlf-616-39-28-39-tlf-688-276-178\/<\/a><\/figcaption><\/figure>\n\n\n\n<figure class=\"wp-block-image\"><img loading=\"lazy\" width=\"768\" height=\"1024\" data-id=\"1170\"  src=\"https:\/\/www.fontaneroygas.es\/averias\/wp-content\/uploads\/2020\/03\/Reparacion-Roca-R-20-24.jpg\" alt=\"\" class=\"wp-image-1170\" srcset=\"https:\/\/www.fontaneroygas.es\/averias\/wp-content\/uploads\/2020\/03\/Reparacion-Roca-R-20-24.jpg 768w, https:\/\/www.fontaneroygas.es\/averias\/wp-content\/uploads\/2020\/03\/Reparacion-Roca-R-20-24-225x300.jpg 225w\" sizes=\"(max-width: 768px) 100vw, 768px\" \/><figcaption><a href=\"https:\/\/www.fontaneroygas.es\/averias\/repuestos-calderas-gas-tlf616-39-28-39-tlf-688-276-178\/\">https:\/\/www.fontaneroygas.es\/averias\/repuestos-calderas-gas-tlf616-39-28-39-tlf-688-276-178\/<\/a><\/figcaption><\/figure>\n\n\n\n<figure class=\"wp-block-image\"><img loading=\"lazy\" width=\"576\" height=\"1024\" data-id=\"1171\"  src=\"https:\/\/www.fontaneroygas.es\/averias\/wp-content\/uploads\/2020\/03\/CAMBIO-GAS-CELSIUS-WT-11-11-rotated.jpg\" alt=\"\" class=\"wp-image-1171\" srcset=\"https:\/\/www.fontaneroygas.es\/averias\/wp-content\/uploads\/2020\/03\/CAMBIO-GAS-CELSIUS-WT-11-11-rotated.jpg 576w, https:\/\/www.fontaneroygas.es\/averias\/wp-content\/uploads\/2020\/03\/CAMBIO-GAS-CELSIUS-WT-11-11-169x300.jpg 169w\" sizes=\"(max-width: 576px) 100vw, 576px\" \/><figcaption><a href=\"https:\/\/www.fontaneroygas.es\/averias\/calderas-estancas\/\">https:\/\/www.fontaneroygas.es\/averias\/calderas-estancas\/<\/a><\/figcaption><\/figure>\n\n\n\n<figure class=\"wp-block-image\"><img loading=\"lazy\" width=\"1024\" height=\"768\" data-id=\"1172\"  src=\"https:\/\/www.fontaneroygas.es\/averias\/wp-content\/uploads\/2020\/03\/REPARACION-CALDERA-CONDENS-2.jpg\" alt=\"\" class=\"wp-image-1172\" srcset=\"https:\/\/www.fontaneroygas.es\/averias\/wp-content\/uploads\/2020\/03\/REPARACION-CALDERA-CONDENS-2.jpg 1024w, https:\/\/www.fontaneroygas.es\/averias\/wp-content\/uploads\/2020\/03\/REPARACION-CALDERA-CONDENS-2-300x225.jpg 300w, https:\/\/www.fontaneroygas.es\/averias\/wp-content\/uploads\/2020\/03\/REPARACION-CALDERA-CONDENS-2-768x576.jpg 768w\" sizes=\"(max-width: 1024px) 100vw, 1024px\" \/><\/figure>\n\n\n\n<figure class=\"wp-block-image\"><img loading=\"lazy\" width=\"768\" height=\"1024\" data-id=\"1173\"  src=\"https:\/\/www.fontaneroygas.es\/averias\/wp-content\/uploads\/2020\/03\/Reparar-Calderas-Boris-2-1.jpg\" alt=\"\" class=\"wp-image-1173\" srcset=\"https:\/\/www.fontaneroygas.es\/averias\/wp-content\/uploads\/2020\/03\/Reparar-Calderas-Boris-2-1.jpg 768w, https:\/\/www.fontaneroygas.es\/averias\/wp-content\/uploads\/2020\/03\/Reparar-Calderas-Boris-2-1-225x300.jpg 225w\" sizes=\"(max-width: 768px) 100vw, 768px\" \/><figcaption><a href=\"https:\/\/www.fontaneroygas.es\/averias\/instaladores-gas-autorizados-reparacion-de-calderas-y-calentadores-averias-tlf-616-39-28-39\/\">https:\/\/www.fontaneroygas.es\/averias\/instaladores-gas-autorizados-reparacion-de-calderas-y-calentadores-averias-tlf-616-39-28-39\/<\/a><\/figcaption><\/figure>\n\n\n\n<figure class=\"wp-block-image\"><img loading=\"lazy\" width=\"768\" height=\"1024\" data-id=\"1174\"  src=\"https:\/\/www.fontaneroygas.es\/averias\/wp-content\/uploads\/2020\/03\/Vaso-exp-Themaclasic-F24e-2-2.jpg\" alt=\"\" class=\"wp-image-1174\" srcset=\"https:\/\/www.fontaneroygas.es\/averias\/wp-content\/uploads\/2020\/03\/Vaso-exp-Themaclasic-F24e-2-2.jpg 768w, https:\/\/www.fontaneroygas.es\/averias\/wp-content\/uploads\/2020\/03\/Vaso-exp-Themaclasic-F24e-2-2-225x300.jpg 225w\" sizes=\"(max-width: 768px) 100vw, 768px\" \/><\/figure>\n<\/figure>\n","protected":false},"excerpt":{"rendered":"<p>\u00a0 \u00a0 \u00a0 \u00a0 REPARACION DE CALDERAS DE GAS Y GASOIL\u00a0 \u00a0 \u00a0 \u00a0 \u00a0 \u00a0 \u00a0 \u00a0 \u00a0 \u00a0 \u00a0 \u00a0 \u00a0 \u00a0 \u00a0 \u00a0 \u00a0 \u00a0 \u00a0 \u00a0 \u00a0 \u00a0 \u00a0 \u00a0 \u00a0 \u00a0 \u00a0 \u00a0 \u00a0 \u00a0 \u00a0 \u00a0 \u00a0 \u00a0 \u00a0 \u00a0 \u00a0 \u00a0 \u00a0 \u00a0 \u00a0 \u00a0 \u00a0 \u00a0 \u00a0&hellip; <br \/> <a class=\"read-more\" href=\"https:\/\/www.fontaneroygas.es\/averias\/reparaciones-calderas-gas-gasoil\/\">Leer m\u00e1s<\/a><\/p>\n","protected":false},"author":1,"featured_media":822,"parent":0,"menu_order":0,"comment_status":"closed","ping_status":"closed","template":"","meta":[],"yoast_head":"<!-- This site is optimized with the Yoast SEO plugin v20.5 - https:\/\/yoast.com\/wordpress\/plugins\/seo\/ -->\n<title>REPARACION DE CALDERAS DE GAS Y GASOIL<\/title>\n<meta name=\"description\" content=\"REPARACION DE CALDERAS DE GAS Y GASOIL, Reparaci\u00f3n, urgente en fugas de gas tanto particulares como en comunidades de propietarios\" \/>\n<meta name=\"robots\" content=\"index, follow, max-snippet:-1, max-image-preview:large, max-video-preview:-1\" \/>\n<link rel=\"canonical\" href=\"https:\/\/www.fontaneroygas.es\/averias\/reparaciones-calderas-gas-gasoil\/\" \/>\n<meta property=\"og:locale\" content=\"es_ES\" \/>\n<meta property=\"og:type\" content=\"article\" \/>\n<meta property=\"og:title\" content=\"REPARACION DE CALDERAS DE GAS Y GASOIL\" \/>\n<meta property=\"og:description\" content=\"REPARACION DE CALDERAS DE GAS Y GASOIL, Reparaci\u00f3n, urgente en fugas de gas tanto particulares como en comunidades de propietarios\" \/>\n<meta property=\"og:url\" content=\"https:\/\/www.fontaneroygas.es\/averias\/reparaciones-calderas-gas-gasoil\/\" \/>\n<meta property=\"og:site_name\" content=\"REPARACION DE CALDERAS E INSTALACIONES DE GAS Y CALEFACCI\u00d3N\" \/>\n<meta property=\"article:modified_time\" content=\"2025-02-10T09:04:58+00:00\" \/>\n<meta property=\"og:image\" content=\"https:\/\/www.fontaneroygas.es\/averias\/wp-content\/uploads\/2020\/01\/reparaciones-calderas-gas-urgencias-24-horas.jpg\" \/>\n\t<meta property=\"og:image:width\" content=\"1167\" \/>\n\t<meta property=\"og:image:height\" content=\"354\" \/>\n\t<meta property=\"og:image:type\" content=\"image\/jpeg\" \/>\n<meta name=\"twitter:card\" content=\"summary_large_image\" \/>\n<meta name=\"twitter:label1\" content=\"Tiempo de lectura\" \/>\n\t<meta name=\"twitter:data1\" content=\"3 minutos\" \/>\n<script type=\"application\/ld+json\" class=\"yoast-schema-graph\">{\"@context\":\"https:\/\/schema.org\",\"@graph\":[{\"@type\":\"WebPage\",\"@id\":\"https:\/\/www.fontaneroygas.es\/averias\/reparaciones-calderas-gas-gasoil\/\",\"url\":\"https:\/\/www.fontaneroygas.es\/averias\/reparaciones-calderas-gas-gasoil\/\",\"name\":\"REPARACION DE CALDERAS DE GAS Y GASOIL\",\"isPartOf\":{\"@id\":\"https:\/\/www.fontaneroygas.es\/averias\/#website\"},\"datePublished\":\"2013-08-26T19:24:08+00:00\",\"dateModified\":\"2025-02-10T09:04:58+00:00\",\"description\":\"REPARACION DE CALDERAS DE GAS Y GASOIL, Reparaci\u00f3n, urgente en fugas de gas tanto particulares como en comunidades de propietarios\",\"breadcrumb\":{\"@id\":\"https:\/\/www.fontaneroygas.es\/averias\/reparaciones-calderas-gas-gasoil\/#breadcrumb\"},\"inLanguage\":\"es\",\"potentialAction\":[{\"@type\":\"ReadAction\",\"target\":[\"https:\/\/www.fontaneroygas.es\/averias\/reparaciones-calderas-gas-gasoil\/\"]}]},{\"@type\":\"BreadcrumbList\",\"@id\":\"https:\/\/www.fontaneroygas.es\/averias\/reparaciones-calderas-gas-gasoil\/#breadcrumb\",\"itemListElement\":[{\"@type\":\"ListItem\",\"position\":1,\"name\":\"inicio\",\"item\":\"https:\/\/www.fontaneroygas.es\/averias\/\"},{\"@type\":\"ListItem\",\"position\":2,\"name\":\"REPARACION DE CALDERAS DE GAS Y GASOIL\"}]},{\"@type\":\"WebSite\",\"@id\":\"https:\/\/www.fontaneroygas.es\/averias\/#website\",\"url\":\"https:\/\/www.fontaneroygas.es\/averias\/\",\"name\":\"Reparacion de calderas, instalaciones de gas, calefacci\u00f3n\",\"description\":\" \",\"publisher\":{\"@id\":\"https:\/\/www.fontaneroygas.es\/averias\/#\/schema\/person\/b3811899428677ec8d60bf476870968f\"},\"potentialAction\":[{\"@type\":\"SearchAction\",\"target\":{\"@type\":\"EntryPoint\",\"urlTemplate\":\"https:\/\/www.fontaneroygas.es\/averias\/?s={search_term_string}\"},\"query-input\":\"required name=search_term_string\"}],\"inLanguage\":\"es\"},{\"@type\":[\"Person\",\"Organization\"],\"@id\":\"https:\/\/www.fontaneroygas.es\/averias\/#\/schema\/person\/b3811899428677ec8d60bf476870968f\",\"name\":\"fonta-gas\",\"image\":{\"@type\":\"ImageObject\",\"inLanguage\":\"es\",\"@id\":\"https:\/\/www.fontaneroygas.es\/averias\/#\/schema\/person\/image\/\",\"url\":\"https:\/\/secure.gravatar.com\/avatar\/5c386f1ce0a8331061d80e2c5f6504c8?s=96&d=mm&r=g\",\"contentUrl\":\"https:\/\/secure.gravatar.com\/avatar\/5c386f1ce0a8331061d80e2c5f6504c8?s=96&d=mm&r=g\",\"caption\":\"fonta-gas\"},\"logo\":{\"@id\":\"https:\/\/www.fontaneroygas.es\/averias\/#\/schema\/person\/image\/\"}}]}<\/script>\n<!-- \/ Yoast SEO plugin. -->","yoast_head_json":{"title":"REPARACION DE CALDERAS DE GAS Y GASOIL","description":"REPARACION DE CALDERAS DE GAS Y GASOIL, Reparaci\u00f3n, urgente en fugas de gas tanto particulares como en comunidades de propietarios","robots":{"index":"index","follow":"follow","max-snippet":"max-snippet:-1","max-image-preview":"max-image-preview:large","max-video-preview":"max-video-preview:-1"},"canonical":"https:\/\/www.fontaneroygas.es\/averias\/reparaciones-calderas-gas-gasoil\/","og_locale":"es_ES","og_type":"article","og_title":"REPARACION DE CALDERAS DE GAS Y GASOIL","og_description":"REPARACION DE CALDERAS DE GAS Y GASOIL, Reparaci\u00f3n, urgente en fugas de gas tanto particulares como en comunidades de propietarios","og_url":"https:\/\/www.fontaneroygas.es\/averias\/reparaciones-calderas-gas-gasoil\/","og_site_name":"REPARACION DE CALDERAS E INSTALACIONES DE GAS Y CALEFACCI\u00d3N","article_modified_time":"2025-02-10T09:04:58+00:00","og_image":[{"width":1167,"height":354,"url":"https:\/\/www.fontaneroygas.es\/averias\/wp-content\/uploads\/2020\/01\/reparaciones-calderas-gas-urgencias-24-horas.jpg","type":"image\/jpeg"}],"twitter_card":"summary_large_image","twitter_misc":{"Tiempo de lectura":"3 minutos"},"schema":{"@context":"https:\/\/schema.org","@graph":[{"@type":"WebPage","@id":"https:\/\/www.fontaneroygas.es\/averias\/reparaciones-calderas-gas-gasoil\/","url":"https:\/\/www.fontaneroygas.es\/averias\/reparaciones-calderas-gas-gasoil\/","name":"REPARACION DE CALDERAS DE GAS Y GASOIL","isPartOf":{"@id":"https:\/\/www.fontaneroygas.es\/averias\/#website"},"datePublished":"2013-08-26T19:24:08+00:00","dateModified":"2025-02-10T09:04:58+00:00","description":"REPARACION DE CALDERAS DE GAS Y GASOIL, Reparaci\u00f3n, urgente en fugas de gas tanto particulares como en comunidades de propietarios","breadcrumb":{"@id":"https:\/\/www.fontaneroygas.es\/averias\/reparaciones-calderas-gas-gasoil\/#breadcrumb"},"inLanguage":"es","potentialAction":[{"@type":"ReadAction","target":["https:\/\/www.fontaneroygas.es\/averias\/reparaciones-calderas-gas-gasoil\/"]}]},{"@type":"BreadcrumbList","@id":"https:\/\/www.fontaneroygas.es\/averias\/reparaciones-calderas-gas-gasoil\/#breadcrumb","itemListElement":[{"@type":"ListItem","position":1,"name":"inicio","item":"https:\/\/www.fontaneroygas.es\/averias\/"},{"@type":"ListItem","position":2,"name":"REPARACION DE CALDERAS DE GAS Y GASOIL"}]},{"@type":"WebSite","@id":"https:\/\/www.fontaneroygas.es\/averias\/#website","url":"https:\/\/www.fontaneroygas.es\/averias\/","name":"Reparacion de calderas, instalaciones de gas, calefacci\u00f3n","description":" ","publisher":{"@id":"https:\/\/www.fontaneroygas.es\/averias\/#\/schema\/person\/b3811899428677ec8d60bf476870968f"},"potentialAction":[{"@type":"SearchAction","target":{"@type":"EntryPoint","urlTemplate":"https:\/\/www.fontaneroygas.es\/averias\/?s={search_term_string}"},"query-input":"required name=search_term_string"}],"inLanguage":"es"},{"@type":["Person","Organization"],"@id":"https:\/\/www.fontaneroygas.es\/averias\/#\/schema\/person\/b3811899428677ec8d60bf476870968f","name":"fonta-gas","image":{"@type":"ImageObject","inLanguage":"es","@id":"https:\/\/www.fontaneroygas.es\/averias\/#\/schema\/person\/image\/","url":"https:\/\/secure.gravatar.com\/avatar\/5c386f1ce0a8331061d80e2c5f6504c8?s=96&d=mm&r=g","contentUrl":"https:\/\/secure.gravatar.com\/avatar\/5c386f1ce0a8331061d80e2c5f6504c8?s=96&d=mm&r=g","caption":"fonta-gas"},"logo":{"@id":"https:\/\/www.fontaneroygas.es\/averias\/#\/schema\/person\/image\/"}}]}},"_links":{"self":[{"href":"https:\/\/www.fontaneroygas.es\/averias\/wp-json\/wp\/v2\/pages\/53"}],"collection":[{"href":"https:\/\/www.fontaneroygas.es\/averias\/wp-json\/wp\/v2\/pages"}],"about":[{"href":"https:\/\/www.fontaneroygas.es\/averias\/wp-json\/wp\/v2\/types\/page"}],"author":[{"embeddable":true,"href":"https:\/\/www.fontaneroygas.es\/averias\/wp-json\/wp\/v2\/users\/1"}],"replies":[{"embeddable":true,"href":"https:\/\/www.fontaneroygas.es\/averias\/wp-json\/wp\/v2\/comments?post=53"}],"version-history":[{"count":36,"href":"https:\/\/www.fontaneroygas.es\/averias\/wp-json\/wp\/v2\/pages\/53\/revisions"}],"predecessor-version":[{"id":1715,"href":"https:\/\/www.fontaneroygas.es\/averias\/wp-json\/wp\/v2\/pages\/53\/revisions\/1715"}],"wp:featuredmedia":[{"embeddable":true,"href":"https:\/\/www.fontaneroygas.es\/averias\/wp-json\/wp\/v2\/media\/822"}],"wp:attachment":[{"href":"https:\/\/www.fontaneroygas.es\/averias\/wp-json\/wp\/v2\/media?parent=53"}],"curies":[{"name":"wp","href":"https:\/\/api.w.org\/{rel}","templated":true}]}}